{"id":146,"date":"2026-01-28T20:51:39","date_gmt":"2026-01-28T19:51:39","guid":{"rendered":"https:\/\/choeurcitoyen.fr\/cc\/services\/"},"modified":"2026-01-30T00:32:49","modified_gmt":"2026-01-29T23:32:49","slug":"services","status":"publish","type":"page","link":"https:\/\/choeurcitoyen.fr\/cc\/services\/","title":{"rendered":"Services"},"content":{"rendered":"\n<div class=\"wp-block-uagb-container uagb-block-cd2bf25d alignfull uagb-is-root-container\"><div class=\"uagb-container-inner-blocks-wrap\">\n<div class=\"wp-block-uagb-advanced-heading uagb-block-26b518ac\"><p class=\"uagb-desc-text\">Nos Services<\/p><h1 class=\"uagb-heading-text\">D\u00e9couvrez les offres de Choeur Citoyen<\/h1><\/div>\n<\/div><\/div>\n\n\n\n<div class=\"wp-block-uagb-container uagb-block-bfbde338 alignfull uagb-is-root-container\"><div class=\"uagb-container-inner-blocks-wrap\">\n<div class=\"wp-block-uagb-container uagb-layout-grid uagb-block-7b2f38d6\">\n<div class=\"wp-block-uagb-image uagb-block-31236d45 wp-block-uagb-image--layout-default wp-block-uagb-image--effect-static wp-block-uagb-image--align-none\"><figure class=\"wp-block-uagb-image__figure\"><img srcset=\"https:\/\/choeurcitoyen.fr\/cc\/wp-content\/uploads\/2026\/01\/pexels-photo-3678799.jpeg ,https:\/\/choeurcitoyen.fr\/cc\/wp-content\/uploads\/2026\/01\/pexels-photo-3678799.jpeg 780w, https:\/\/choeurcitoyen.fr\/cc\/wp-content\/uploads\/2026\/01\/pexels-photo-3678799.jpeg 360w\" sizes=\"auto, (max-width: 480px) 150px\"  alt=\"Artistic geometric dome ceiling with intricate lines and patterns in Leipzig, Germany.\" class=\"uag-image-13 lws-optimize-lazyload\" width=\"430\" height=\"400\" title=\"services-01\" loading=\"lazy\" role=\"img\"\/ data-src=\"https:\/\/choeurcitoyen.fr\/cc\/wp-content\/uploads\/2026\/01\/pexels-photo-3678799.jpeg\"><\/figure><\/div>\n\n\n\n<div class=\"wp-block-uagb-container uagb-block-928a747a\">\n<div class=\"wp-block-uagb-info-box uagb-block-5cee2c08 uagb-infobox__content-wrap  uagb-infobox-icon-above-title uagb-infobox-image-valign-top\"><div class=\"uagb-ifb-content\"><div class=\"uagb-ifb-title-wrap\"><h2 class=\"uagb-ifb-title-prefix\">01<\/h2><h3 class=\"uagb-ifb-title\">Formations Vocales<\/h3><\/div><p class=\"uagb-ifb-desc\">Nos formations vocales sont con\u00e7ues pour tous les niveaux. Que vous soyez d\u00e9butant ou confirm\u00e9, nos coachs exp\u00e9riment\u00e9s vous guideront pour am\u00e9liorer votre technique vocale et gagner en assurance dans votre vie.<\/p><\/div><\/div>\n<\/div>\n<\/div>\n\n\n\n<div class=\"wp-block-uagb-container uagb-layout-grid uagb-block-24328522\">\n<div class=\"wp-block-uagb-container uagb-block-a52d84c5\">\n<div class=\"wp-block-uagb-info-box uagb-block-7c50d344 uagb-infobox__content-wrap  uagb-infobox-icon-above-title uagb-infobox-image-valign-top\"><div class=\"uagb-ifb-content\"><div class=\"uagb-ifb-title-wrap\"><h2 class=\"uagb-ifb-title-prefix\">02<\/h2><h3 class=\"uagb-ifb-title\">Performances en Direct<\/h3><\/div><p class=\"uagb-ifb-desc\">Choeur Citoyen offre une plateforme pour partager les oeuvres avec la communaut\u00e9. Participez \u00e0 nos pr\u00e9sentations en direct et vivez des moments inoubliables en harmonie avec d&rsquo;autres membres passionn\u00e9s.<\/p><\/div><\/div>\n<\/div>\n\n\n\n<div class=\"wp-block-uagb-image uagb-block-fd50ef9c wp-block-uagb-image--layout-default wp-block-uagb-image--effect-static wp-block-uagb-image--align-none\"><figure class=\"wp-block-uagb-image__figure\"><img srcset=\"https:\/\/choeurcitoyen.fr\/cc\/wp-content\/uploads\/2026\/01\/pexels-photo-1789426.jpeg ,https:\/\/choeurcitoyen.fr\/cc\/wp-content\/uploads\/2026\/01\/pexels-photo-1789426.jpeg 780w, https:\/\/choeurcitoyen.fr\/cc\/wp-content\/uploads\/2026\/01\/pexels-photo-1789426.jpeg 360w\" sizes=\"auto, (max-width: 480px) 150px\"  alt=\"DSLR camera on wet pavement with colorful oil spill reflection, framed by sneakers.\" class=\"uag-image-14 lws-optimize-lazyload\" width=\"430\" height=\"400\" title=\"services-02\" loading=\"lazy\" role=\"img\"\/ data-src=\"https:\/\/choeurcitoyen.fr\/cc\/wp-content\/uploads\/2026\/01\/pexels-photo-1789426.jpeg\"><\/figure><\/div>\n<\/div>\n\n\n\n<div class=\"wp-block-uagb-container uagb-layout-grid uagb-block-b1152c5b\">\n<div class=\"wp-block-uagb-image uagb-block-fa1428a5 wp-block-uagb-image--layout-default wp-block-uagb-image--effect-static wp-block-uagb-image--align-none\"><figure class=\"wp-block-uagb-image__figure\"><img srcset=\"https:\/\/choeurcitoyen.fr\/cc\/wp-content\/uploads\/2026\/01\/pexels-photo-4669107.jpeg ,https:\/\/choeurcitoyen.fr\/cc\/wp-content\/uploads\/2026\/01\/pexels-photo-4669107.jpeg 780w, https:\/\/choeurcitoyen.fr\/cc\/wp-content\/uploads\/2026\/01\/pexels-photo-4669107.jpeg 360w\" sizes=\"auto, (max-width: 480px) 150px\"  alt=\"Serious man with 'make your choice' sign highlights the importance of voting and civic duty.\" class=\"uag-image-15 lws-optimize-lazyload\" width=\"430\" height=\"400\" title=\"services-03\" loading=\"lazy\" role=\"img\"\/ data-src=\"https:\/\/choeurcitoyen.fr\/cc\/wp-content\/uploads\/2026\/01\/pexels-photo-4669107.jpeg\"><\/figure><\/div>\n\n\n\n<div class=\"wp-block-uagb-container uagb-block-ac38472a\">\n<div class=\"wp-block-uagb-info-box uagb-block-7266dcd1 uagb-infobox__content-wrap  uagb-infobox-icon-above-title uagb-infobox-image-valign-top\"><div class=\"uagb-ifb-content\"><div class=\"uagb-ifb-title-wrap\"><h2 class=\"uagb-ifb-title-prefix\">03<\/h2><h3 class=\"uagb-ifb-title\">\u00c9v\u00e9nements Communautaires<\/h3><\/div><p class=\"uagb-ifb-desc\">Nous organisons r\u00e9guli\u00e8rement des \u00e9v\u00e9nements communautaires pour rassembler les membres et les habitants. Ces occasions permettent de c\u00e9l\u00e9brer les cultures locales tout en renfor\u00e7ant les liens au sein de notre cit\u00e9 engag\u00e9e.<\/p><\/div><\/div>\n<\/div>\n<\/div>\n\n\n\n<div class=\"wp-block-uagb-container uagb-layout-grid uagb-block-053eb305\">\n<div class=\"wp-block-uagb-container uagb-block-8abd9bda\">\n<div class=\"wp-block-uagb-info-box uagb-block-094b2059 uagb-infobox__content-wrap  uagb-infobox-icon-above-title uagb-infobox-image-valign-top\"><div class=\"uagb-ifb-content\"><div class=\"uagb-ifb-title-wrap\"><h2 class=\"uagb-ifb-title-prefix\">04<\/h2><h3 class=\"uagb-ifb-title\">Ateliers Th\u00e9matiques<\/h3><\/div><p class=\"uagb-ifb-desc\">Nos ateliers th\u00e9matiques sont l&rsquo;occasion d&rsquo;explorer divers styles de gouvernances et techniques participatives, tout en favorisant la cr\u00e9ativit\u00e9 et l&rsquo;expression personnelle de chaque participant.<\/p><\/div><\/div>\n<\/div>\n\n\n\n<div class=\"wp-block-uagb-image uagb-block-e829ce47 wp-block-uagb-image--layout-default wp-block-uagb-image--effect-static wp-block-uagb-image--align-none\"><figure class=\"wp-block-uagb-image__figure\"><img srcset=\"https:\/\/choeurcitoyen.fr\/cc\/wp-content\/uploads\/2026\/01\/pexels-photo-1559825.jpeg ,https:\/\/choeurcitoyen.fr\/cc\/wp-content\/uploads\/2026\/01\/pexels-photo-1559825.jpeg 780w, https:\/\/choeurcitoyen.fr\/cc\/wp-content\/uploads\/2026\/01\/pexels-photo-1559825.jpeg 360w\" sizes=\"auto, (max-width: 480px) 150px\"  alt=\"Scenic view of a colorful village by the fjord against a dramatic sunset in V\u00e5gan, Nordland, Norway.\" class=\"uag-image-16 lws-optimize-lazyload\" width=\"430\" height=\"400\" title=\"services-04\" loading=\"lazy\" role=\"img\"\/ data-src=\"https:\/\/choeurcitoyen.fr\/cc\/wp-content\/uploads\/2026\/01\/pexels-photo-1559825.jpeg\"><\/figure><\/div>\n<\/div>\n<\/div><\/div>\n\n\n\n<div class=\"wp-block-uagb-container uagb-block-3ec55aa1 alignfull uagb-is-root-container\"><div class=\"uagb-container-inner-blocks-wrap\">\n<div class=\"wp-block-uagb-advanced-heading uagb-block-6c99ecb0\"><p class=\"uagb-desc-text\">Fonctionnement<\/p><h2 class=\"uagb-heading-text\">Comment Choeur Citoyen Fonctionne<\/h2><\/div>\n\n\n\n<div class=\"wp-block-uagb-container uagb-layout-grid uagb-block-029f1971\">\n<div class=\"wp-block-uagb-image alignleft uagb-block-722b2568 wp-block-uagb-image--layout-default wp-block-uagb-image--effect-static wp-block-uagb-image--align-left\"><figure class=\"wp-block-uagb-image__figure\"><img srcset=\"https:\/\/choeurcitoyen.fr\/cc\/wp-content\/uploads\/2026\/01\/pexels-photo-4669108.jpeg ,https:\/\/choeurcitoyen.fr\/cc\/wp-content\/uploads\/2026\/01\/pexels-photo-4669108.jpeg 780w, https:\/\/choeurcitoyen.fr\/cc\/wp-content\/uploads\/2026\/01\/pexels-photo-4669108.jpeg 360w\" sizes=\"auto, (max-width: 480px) 150px\"  alt=\"Young woman with curly hair holding a motivational sign with the message 'MAKE YOUR CHOICE'.\" class=\"uag-image-17 lws-optimize-lazyload\" width=\"550\" height=\"575\" title=\"how-it-works\" loading=\"lazy\" role=\"img\"\/ data-src=\"https:\/\/choeurcitoyen.fr\/cc\/wp-content\/uploads\/2026\/01\/pexels-photo-4669108.jpeg\"><\/figure><\/div>\n\n\n\n<div class=\"wp-block-uagb-container uagb-block-c74537da\">\n<div class=\"wp-block-uagb-info-box uagb-block-b0ae75bf uagb-infobox__content-wrap  uagb-infobox-icon-above-title uagb-infobox-image-valign-top\"><div class=\"uagb-ifb-content\"><div class=\"uagb-ifb-title-wrap\"><span class=\"uagb-ifb-title-prefix\">Step 01<\/span><h3 class=\"uagb-ifb-title\">Rejoindre le Choeur<\/h3><\/div><p class=\"uagb-ifb-desc\">Inscrivez-vous pour devenir membre et profitez de nos activit\u00e9s vari\u00e9es adapt\u00e9es \u00e0 tous les \u00e2ges et vos objectifs.<\/p><div class=\"uagb-ifb-separator\"><\/div><\/div><\/div>\n\n\n\n<div class=\"wp-block-uagb-info-box uagb-block-413a2fe7 uagb-infobox__content-wrap  uagb-infobox-icon-above-title uagb-infobox-image-valign-top\"><div class=\"uagb-ifb-content\"><div class=\"uagb-ifb-title-wrap\"><span class=\"uagb-ifb-title-prefix\">Step 02<\/span><h3 class=\"uagb-ifb-title\">Participer aux Activit\u00e9s<\/h3><\/div><p class=\"uagb-ifb-desc\">Participez aux formations, performances et \u00e9v\u00e9nements en vous inscrivant aux sessions qui vous int\u00e9ressent tout au long de l&rsquo;ann\u00e9e.<\/p><div class=\"uagb-ifb-separator\"><\/div><\/div><\/div>\n\n\n\n<div class=\"wp-block-uagb-info-box uagb-block-459491ac uagb-infobox__content-wrap  uagb-infobox-icon-above-title uagb-infobox-image-valign-top\"><div class=\"uagb-ifb-content\"><div class=\"uagb-ifb-title-wrap\"><span class=\"uagb-ifb-title-prefix\">Step 03<\/span><h3 class=\"uagb-ifb-title\">Contribuer \u00e0 la Communaut\u00e9<\/h3><\/div><p class=\"uagb-ifb-desc\">Engagez-vous au sein de notre ch\u0153ur en partageant votre voix et vos id\u00e9es pour enrichir nos projets communs.<\/p><\/div><\/div>\n<\/div>\n<\/div>\n<\/div><\/div>\n\n\n\n<div class=\"wp-block-uagb-container uagb-block-e48afbb0 alignfull uagb-is-root-container\"><div class=\"uagb-container-inner-blocks-wrap\">\n<div class=\"wp-block-uagb-info-box uagb-block-c1c19ed1 uagb-infobox__content-wrap  uagb-infobox-icon-above-title uagb-infobox-image-valign-top\"><div class=\"uagb-ifb-content\"><div class=\"uagb-ifb-title-wrap\"><span class=\"uagb-ifb-title-prefix\">Rejoignez nos r\u00e9seaux<\/span><h2 class=\"uagb-ifb-title\">Inscrivez-vous d\u00e8s aujourd&rsquo;hui<br>confluons en nos trajectoires <br>en choeur <\/h2><\/div><p class=\"uagb-ifb-desc\">Ne manquez pas l&rsquo;opportunit\u00e9 de vous m\u00ealer \u00e0 notre ch\u0153ur vibrant et engag\u00e9 pour faire entendre aussi votre voix.<\/p><div class=\"uagb-ifb-button-wrapper wp-block-button\"><a href=\"contact\/\" class=\"uagb-infobox-cta-link wp-block-button__link\" target=\"_self\" rel=\"noopener noreferrer\" onclick=\"return true;\"><span class=\"uagb-inline-editing\">Rejoignez-nous<\/span><\/a><\/div><\/div><\/div>\n<\/div><\/div>\n","protected":false},"excerpt":{"rendered":"<p>Nos Services D\u00e9couvrez les offres de Choeur Citoyen Fonctionnement Comment Choeur Citoyen Fonctionne<\/p>\n","protected":false},"author":1,"featured_media":0,"parent":0,"menu_order":0,"comment_status":"closed","ping_status":"closed","template":"","meta":{"_surecart_dashboard_logo_width":"180px","_surecart_dashboard_show_logo":true,"_surecart_dashboard_navigation_orders":true,"_surecart_dashboard_navigation_invoices":true,"_surecart_dashboard_navigation_subscriptions":true,"_surecart_dashboard_navigation_downloads":true,"_surecart_dashboard_navigation_billing":true,"_surecart_dashboard_navigation_account":true,"_uag_custom_page_level_css":"","site-sidebar-layout":"default","site-content-layout":"","ast-site-content-layout":"default","site-content-style":"default","site-sidebar-style":"default","ast-global-header-display":"","ast-banner-title-visibility":"","ast-main-header-display":"","ast-hfb-above-header-display":"","ast-hfb-below-header-display":"","ast-hfb-mobile-header-display":"","site-post-title":"disabled","ast-breadcrumbs-content":"","ast-featured-img":"","footer-sml-layout":"","ast-disable-related-posts":"","theme-transparent-header-meta":"","adv-header-id-meta":"","stick-header-meta":"","header-above-stick-meta":"","header-main-stick-meta":"","header-below-stick-meta":"","astra-migrate-meta-layouts":"default","ast-page-background-enabled":"default","ast-page-background-meta":{"desktop":{"background-color":"var(--ast-global-color-4)","background-image":"","background-repeat":"repeat","background-position":"center center","background-size":"auto","background-attachment":"scroll","background-type":"","background-media":"","overlay-type":"","overlay-color":"","overlay-opacity":"","overlay-gradient":""},"tablet":{"background-color":"","background-image":"","background-repeat":"repeat","background-position":"center center","background-size":"auto","background-attachment":"scroll","background-type":"","background-media":"","overlay-type":"","overlay-color":"","overlay-opacity":"","overlay-gradient":""},"mobile":{"background-color":"","background-image":"","background-repeat":"repeat","background-position":"center center","background-size":"auto","background-attachment":"scroll","background-type":"","background-media":"","overlay-type":"","overlay-color":"","overlay-opacity":"","overlay-gradient":""}},"ast-content-background-meta":{"desktop":{"background-color":"var(--ast-global-color-5)","background-image":"","background-repeat":"repeat","background-position":"center center","background-size":"auto","background-attachment":"scroll","background-type":"","background-media":"","overlay-type":"","overlay-color":"","overlay-opacity":"","overlay-gradient":""},"tablet":{"background-color":"var(--ast-global-color-5)","background-image":"","background-repeat":"repeat","background-position":"center center","background-size":"auto","background-attachment":"scroll","background-type":"","background-media":"","overlay-type":"","overlay-color":"","overlay-opacity":"","overlay-gradient":""},"mobile":{"background-color":"var(--ast-global-color-5)","background-image":"","background-repeat":"repeat","background-position":"center center","background-size":"auto","background-attachment":"scroll","background-type":"","background-media":"","overlay-type":"","overlay-color":"","overlay-opacity":"","overlay-gradient":""}},"footnotes":""},"class_list":["post-146","page","type-page","status-publish","hentry"],"uagb_featured_image_src":{"full":false,"thumbnail":false,"medium":false,"medium_large":false,"large":false,"1536x1536":false,"2048x2048":false},"uagb_author_info":{"display_name":"nimda26","author_link":"https:\/\/choeurcitoyen.fr\/cc\/author\/nimda26\/"},"uagb_comment_info":0,"uagb_excerpt":"Nos Services D\u00e9couvrez les offres de Choeur Citoyen Fonctionnement Comment Choeur Citoyen Fonctionne","_links":{"self":[{"href":"https:\/\/choeurcitoyen.fr\/cc\/wp-json\/wp\/v2\/pages\/146","targetHints":{"allow":["GET"]}}],"collection":[{"href":"https:\/\/choeurcitoyen.fr\/cc\/wp-json\/wp\/v2\/pages"}],"about":[{"href":"https:\/\/choeurcitoyen.fr\/cc\/wp-json\/wp\/v2\/types\/page"}],"author":[{"embeddable":true,"href":"https:\/\/choeurcitoyen.fr\/cc\/wp-json\/wp\/v2\/users\/1"}],"replies":[{"embeddable":true,"href":"https:\/\/choeurcitoyen.fr\/cc\/wp-json\/wp\/v2\/comments?post=146"}],"version-history":[{"count":9,"href":"https:\/\/choeurcitoyen.fr\/cc\/wp-json\/wp\/v2\/pages\/146\/revisions"}],"predecessor-version":[{"id":287,"href":"https:\/\/choeurcitoyen.fr\/cc\/wp-json\/wp\/v2\/pages\/146\/revisions\/287"}],"wp:attachment":[{"href":"https:\/\/choeurcitoyen.fr\/cc\/wp-json\/wp\/v2\/media?parent=146"}],"curies":[{"name":"wp","href":"https:\/\/api.w.org\/{rel}","templated":true}]}}