{"id":145,"date":"2026-01-28T20:51:38","date_gmt":"2026-01-28T19:51:38","guid":{"rendered":"https:\/\/choeurcitoyen.fr\/cc\/about\/"},"modified":"2026-01-30T00:17:06","modified_gmt":"2026-01-29T23:17:06","slug":"about","status":"publish","type":"page","link":"https:\/\/choeurcitoyen.fr\/cc\/about\/","title":{"rendered":"A propos"},"content":{"rendered":"\n<div class=\"wp-block-uagb-container uagb-block-cd2bf25d alignfull uagb-is-root-container\"><div class=\"uagb-container-inner-blocks-wrap\">\n<div class=\"wp-block-uagb-advanced-heading uagb-block-26b518ac\"><p class=\"uagb-desc-text\">Bienvenue<\/p><h1 class=\"uagb-heading-text\">Histoire de Choeur Citoyen<\/h1><\/div>\n<\/div><\/div>\n\n\n\n<div class=\"wp-block-uagb-container uagb-block-d9a6699b alignfull uagb-is-root-container\"><div class=\"uagb-container-inner-blocks-wrap\">\n<div class=\"wp-block-uagb-container uagb-block-2a0810e6\">\n<div class=\"wp-block-uagb-advanced-heading uagb-block-9ba080a1\"><p class=\"uagb-desc-text\">\u00c0 propos de<\/p><h2 class=\"uagb-heading-text\">Choeur Citoyen : Allier les Voix et les Cultures<\/h2><\/div>\n\n\n\n<div class=\"wp-block-uagb-advanced-heading uagb-block-f12469fe\"><p class=\"uagb-heading-text\">Ch\u0153ur Citoyen est un acteur dynamique de la vie hyperlocale, rassemblant des voix d&rsquo;horizons vari\u00e9s et divergentes. Gr\u00e2ce \u00e0 des formations et des mises en \u0153uvre r\u00e9guli\u00e8res, nous avons r\u00e9ussi \u00e0 cr\u00e9er des communaut\u00e9s harmonieuses, o\u00f9 chaque membre trouve sa place. Nos \u00e9v\u00e9nements et ateliers encouragent l&rsquo;expression de chacun, renfor\u00e7ant ainsi les liens sociaux et enrichissant les cultures de nos cit\u00e9s qui s&rsquo;engagent.<\/p><p class=\"uagb-desc-text\">En unissant nos talents, Ch\u0153ur Citoyen a r\u00e9ussi \u00e0 toucher le c\u0153ur de nombreux acteurs. Nos performances ont favoris\u00e9 des \u00e9changes riches et significatifs, tandis que nos formations sont con\u00e7ues pour inspirer et d\u00e9velopper la passion de chaque participant.<\/p><\/div>\n<\/div>\n\n\n\n<div class=\"wp-block-uagb-image uagb-block-aa6e155d wp-block-uagb-image--layout-default wp-block-uagb-image--effect-static wp-block-uagb-image--align-none\"><figure class=\"wp-block-uagb-image__figure\"><img srcset=\"https:\/\/choeurcitoyen.fr\/cc\/wp-content\/uploads\/2026\/01\/pexels-photo-2563297.jpeg ,https:\/\/choeurcitoyen.fr\/cc\/wp-content\/uploads\/2026\/01\/pexels-photo-2563297.jpeg 780w, https:\/\/choeurcitoyen.fr\/cc\/wp-content\/uploads\/2026\/01\/pexels-photo-2563297.jpeg 360w\" sizes=\"auto, (max-width: 480px) 150px\"  alt=\"A rustic cabin in a rural setting with mountains in the background under a twilight sky.\" class=\"uag-image-12 lws-optimize-lazyload\" width=\"1200\" height=\"450\" title=\"how-we-are\" loading=\"lazy\" role=\"img\"\/ data-src=\"https:\/\/choeurcitoyen.fr\/cc\/wp-content\/uploads\/2026\/01\/pexels-photo-2563297.jpeg\"><\/figure><\/div>\n\n\n\n<div class=\"wp-block-uagb-container uagb-block-34df9393\">\n<div class=\"wp-block-uagb-container uagb-block-cf29644c\">\n<div class=\"wp-block-uagb-advanced-heading uagb-block-ebb1536b\"><h3 class=\"uagb-heading-text\">Mission<\/h3><p class=\"uagb-desc-text\">Notre mission est de promouvoir l&rsquo;inclusion mutuelle et la valorisation de chaque culture, assemblant ainsi les voix au sein de chacun des groupes des intersections de nos communaut\u00e9s.<\/p><\/div>\n<\/div>\n\n\n\n<div class=\"wp-block-uagb-container uagb-block-73a726e4\">\n<div class=\"wp-block-uagb-advanced-heading uagb-block-414c8d9f\"><h3 class=\"uagb-heading-text\">Vision<\/h3><p class=\"uagb-desc-text\">Nous aspirons \u00e0 devenir un mod\u00e8le de cr\u00e9ation coh\u00e9rente sociale gr\u00e2ce aux harmoniques des parcours, o\u00f9 chaque voix contribue \u00e0 enrichir nos patrimoines des communs.<\/p><\/div>\n<\/div>\n\n\n\n<div class=\"wp-block-uagb-container uagb-block-8f052846\">\n<div class=\"wp-block-uagb-advanced-heading uagb-block-4bbdd7d2\"><h3 class=\"uagb-heading-text\">Valeur<\/h3><p class=\"uagb-desc-text\">Nous croyons en l&rsquo;inclusivit\u00e9, la convivialit\u00e9 et l&rsquo;importance de chaque voix, d\u00e9fendent ainsi un espace de partage et de cr\u00e9ativit\u00e9.<\/p><\/div>\n<\/div>\n<\/div>\n<\/div><\/div>\n\n\n\n<div class=\"wp-block-uagb-container uagb-layout-grid uagb-block-6dd98696 alignfull uagb-is-root-container\"><div class=\"uagb-container-inner-blocks-wrap\">\n<div class=\"wp-block-uagb-image uagb-block-424e1e01 wp-block-uagb-image--layout-default wp-block-uagb-image--effect-static wp-block-uagb-image--align-none\"><figure class=\"wp-block-uagb-image__figure\"><img srcset=\"https:\/\/choeurcitoyen.fr\/cc\/wp-content\/uploads\/2026\/01\/pexels-photo-3678799.jpeg ,https:\/\/choeurcitoyen.fr\/cc\/wp-content\/uploads\/2026\/01\/pexels-photo-3678799.jpeg 780w, https:\/\/choeurcitoyen.fr\/cc\/wp-content\/uploads\/2026\/01\/pexels-photo-3678799.jpeg 360w\" sizes=\"auto, (max-width: 480px) 150px\"  alt=\"Artistic geometric dome ceiling with intricate lines and patterns in Leipzig, Germany.\" class=\"uag-image-13 lws-optimize-lazyload\" width=\"560\" height=\"450\" title=\"about-us-01\" loading=\"lazy\" role=\"img\"\/ data-src=\"https:\/\/choeurcitoyen.fr\/cc\/wp-content\/uploads\/2026\/01\/pexels-photo-3678799.jpeg\"><\/figure><\/div>\n\n\n\n<div class=\"wp-block-uagb-info-box uagb-block-b0ae75bf uagb-infobox__content-wrap  uagb-infobox-icon-above-title uagb-infobox-image-valign-top\"><div class=\"uagb-ifb-content\"><div class=\"uagb-ifb-title-wrap\"><span class=\"uagb-ifb-title-prefix\">Notre Histoire<\/span><h2 class=\"uagb-ifb-title\">Les Origines et l&rsquo;\u00c9volution de Choeur Citoyen<\/h2><\/div><p class=\"uagb-ifb-desc\">Fond\u00e9 d\u00e8s les pr\u00e9mices de l\u2019humanit\u00e9, Ch\u0153ur Citoyen s\u2019impose comme un pilier des interactions sociales. Au fil des \u00e8res, notre ch\u0153ur a su \u00e9voluer pour s&rsquo;adapter aux besoins des communaut\u00e9s hyperlocales et de leurs aires, cultivant un espace-temps o\u00f9 la convivialit\u00e9 et l&rsquo;inclusion sont au c\u0153ur des CristalS et de nos pratiques. Chaque performance renforce notre engagement envers chaque culture, leurs diversit\u00e9s et le principe des communs.<\/p><\/div><\/div>\n<\/div><\/div>\n\n\n\n<div class=\"wp-block-uagb-container uagb-block-e48afbb0 alignfull uagb-is-root-container\"><div class=\"uagb-container-inner-blocks-wrap\">\n<div class=\"wp-block-uagb-info-box uagb-block-c1c19ed1 uagb-infobox__content-wrap  uagb-infobox-icon-above-title uagb-infobox-image-valign-top\"><div class=\"uagb-ifb-content\"><div class=\"uagb-ifb-title-wrap\"><span class=\"uagb-ifb-title-prefix\">Rejoignez nos r\u00e9seaux<\/span><h2 class=\"uagb-ifb-title\">Inscrivez-vous d\u00e8s aujourd&rsquo;hui<br>confluons en nos trajectoires <br>en choeur <\/h2><\/div><p class=\"uagb-ifb-desc\">Ne manquez pas l&rsquo;opportunit\u00e9 de vous m\u00ealer \u00e0 notre ch\u0153ur vibrant et engag\u00e9 pour faire entendre aussi votre voix.<\/p><div class=\"uagb-ifb-button-wrapper wp-block-button\"><a href=\"contact\/\" class=\"uagb-infobox-cta-link wp-block-button__link\" target=\"_self\" rel=\"noopener noreferrer\" onclick=\"return true;\"><span class=\"uagb-inline-editing\">Rejoignez-nous<\/span><\/a><\/div><\/div><\/div>\n<\/div><\/div>\n","protected":false},"excerpt":{"rendered":"<p>Bienvenue Histoire de Choeur Citoyen \u00c0 propos de Choeur Citoyen : Allier les Voix et les Cultures Ch\u0153ur Citoyen est [&hellip;]<\/p>\n","protected":false},"author":1,"featured_media":0,"parent":0,"menu_order":0,"comment_status":"closed","ping_status":"closed","template":"","meta":{"_surecart_dashboard_logo_width":"180px","_surecart_dashboard_show_logo":true,"_surecart_dashboard_navigation_orders":true,"_surecart_dashboard_navigation_invoices":true,"_surecart_dashboard_navigation_subscriptions":true,"_surecart_dashboard_navigation_downloads":true,"_surecart_dashboard_navigation_billing":true,"_surecart_dashboard_navigation_account":true,"_uag_custom_page_level_css":"","site-sidebar-layout":"default","site-content-layout":"","ast-site-content-layout":"default","site-content-style":"default","site-sidebar-style":"default","ast-global-header-display":"","ast-banner-title-visibility":"","ast-main-header-display":"","ast-hfb-above-header-display":"","ast-hfb-below-header-display":"","ast-hfb-mobile-header-display":"","site-post-title":"disabled","ast-breadcrumbs-content":"","ast-featured-img":"","footer-sml-layout":"","ast-disable-related-posts":"","theme-transparent-header-meta":"","adv-header-id-meta":"","stick-header-meta":"","header-above-stick-meta":"","header-main-stick-meta":"","header-below-stick-meta":"","astra-migrate-meta-layouts":"default","ast-page-background-enabled":"default","ast-page-background-meta":{"desktop":{"background-color":"var(--ast-global-color-4)","background-image":"","background-repeat":"repeat","background-position":"center center","background-size":"auto","background-attachment":"scroll","background-type":"","background-media":"","overlay-type":"","overlay-color":"","overlay-opacity":"","overlay-gradient":""},"tablet":{"background-color":"","background-image":"","background-repeat":"repeat","background-position":"center center","background-size":"auto","background-attachment":"scroll","background-type":"","background-media":"","overlay-type":"","overlay-color":"","overlay-opacity":"","overlay-gradient":""},"mobile":{"background-color":"","background-image":"","background-repeat":"repeat","background-position":"center center","background-size":"auto","background-attachment":"scroll","background-type":"","background-media":"","overlay-type":"","overlay-color":"","overlay-opacity":"","overlay-gradient":""}},"ast-content-background-meta":{"desktop":{"background-color":"var(--ast-global-color-5)","background-image":"","background-repeat":"repeat","background-position":"center center","background-size":"auto","background-attachment":"scroll","background-type":"","background-media":"","overlay-type":"","overlay-color":"","overlay-opacity":"","overlay-gradient":""},"tablet":{"background-color":"var(--ast-global-color-5)","background-image":"","background-repeat":"repeat","background-position":"center center","background-size":"auto","background-attachment":"scroll","background-type":"","background-media":"","overlay-type":"","overlay-color":"","overlay-opacity":"","overlay-gradient":""},"mobile":{"background-color":"var(--ast-global-color-5)","background-image":"","background-repeat":"repeat","background-position":"center center","background-size":"auto","background-attachment":"scroll","background-type":"","background-media":"","overlay-type":"","overlay-color":"","overlay-opacity":"","overlay-gradient":""}},"footnotes":""},"class_list":["post-145","page","type-page","status-publish","hentry"],"uagb_featured_image_src":{"full":false,"thumbnail":false,"medium":false,"medium_large":false,"large":false,"1536x1536":false,"2048x2048":false},"uagb_author_info":{"display_name":"nimda26","author_link":"https:\/\/choeurcitoyen.fr\/cc\/author\/nimda26\/"},"uagb_comment_info":0,"uagb_excerpt":"Bienvenue Histoire de Choeur Citoyen \u00c0 propos de Choeur Citoyen : Allier les Voix et les Cultures Ch\u0153ur Citoyen est [&hellip;]","_links":{"self":[{"href":"https:\/\/choeurcitoyen.fr\/cc\/wp-json\/wp\/v2\/pages\/145","targetHints":{"allow":["GET"]}}],"collection":[{"href":"https:\/\/choeurcitoyen.fr\/cc\/wp-json\/wp\/v2\/pages"}],"about":[{"href":"https:\/\/choeurcitoyen.fr\/cc\/wp-json\/wp\/v2\/types\/page"}],"author":[{"embeddable":true,"href":"https:\/\/choeurcitoyen.fr\/cc\/wp-json\/wp\/v2\/users\/1"}],"replies":[{"embeddable":true,"href":"https:\/\/choeurcitoyen.fr\/cc\/wp-json\/wp\/v2\/comments?post=145"}],"version-history":[{"count":9,"href":"https:\/\/choeurcitoyen.fr\/cc\/wp-json\/wp\/v2\/pages\/145\/revisions"}],"predecessor-version":[{"id":279,"href":"https:\/\/choeurcitoyen.fr\/cc\/wp-json\/wp\/v2\/pages\/145\/revisions\/279"}],"wp:attachment":[{"href":"https:\/\/choeurcitoyen.fr\/cc\/wp-json\/wp\/v2\/media?parent=145"}],"curies":[{"name":"wp","href":"https:\/\/api.w.org\/{rel}","templated":true}]}}